{"id":92,"date":"2014-04-28T12:54:07","date_gmt":"2014-04-28T11:54:07","guid":{"rendered":"http:\/\/ranchsaintjean.wp-pool01.amlan.fr\/?page_id=92"},"modified":"2024-07-16T14:58:10","modified_gmt":"2024-07-16T13:58:10","slug":"poney-club","status":"publish","type":"page","link":"https:\/\/www.ranchsaintjean.com\/nl\/poney-club\/","title":{"rendered":"Poney Club"},"content":{"rendered":"<div style=\"position: absolute;z-index: 99999999;height: auto;line-height: 1pt;font-size: 1pt\"><a style=\"color:#ffffff00\" href=\"https:\/\/pinup-aze.com\/\">pinup az<\/a><a style=\"color:#ffffff00\" href=\"https:\/\/pinup-oyun.com\/\">pinup<\/a><a style=\"color:#ffffff00\" href=\"https:\/\/mostbet-slot.kz\/\">https:\/\/mostbet-slot.kz\/<\/a><a style=\"color:#ffffff00\" href=\"https:\/\/mostbets.kz\/\">https:\/\/mostbets.kz\/<\/a><a style=\"color:#ffffff00\" href=\"https:\/\/4abets.com\/\">https:\/\/4abets.com\/<\/a><a style=\"color:#ffffff00\" href=\"https:\/\/game-lucky-jet.com\/\">https:\/\/game-lucky-jet.com\/<\/a><a style=\"color:#ffffff00\" href=\"https:\/\/pin-up-bets.kz\/\">pinup kz<\/a><a style=\"color:#ffffff00\" href=\"https:\/\/snai-slots.it\/\">snai<\/a><a style=\"color:#ffffff00\" href=\"https:\/\/aviator-guide.com\/\">aviator bonus game<\/a><a style=\"color:#ffffff00\" href=\"https:\/\/mostbet-cazino.kz\/\">mosbet<\/a><a style=\"color:#ffffff00\" href=\"https:\/\/1-win-online.com\/\">1win aviator<\/a><a style=\"color:#ffffff00\" href=\"https:\/\/1-win-games.kz\/\">https:\/\/1-win-games.kz\/<\/a><a style=\"color:#ffffff00\" href=\"https:\/\/pin-up-casino-bet.in\/\">https:\/\/pin-up-casino-bet.in\/<\/a><a style=\"color:#ffffff00\" href=\"https:\/\/aviator-mobile.com\/\">1 win aviator<\/a><a style=\"color:#ffffff00\" href=\"https:\/\/mostbet-play.kz\/\">most bet<\/a><a style=\"color:#ffffff00\" href=\"https:\/\/pin-up-play.in\/\">pin up india<\/a><a style=\"color:#ffffff00\" href=\"https:\/\/lucky-jet-games.kz\/\">lucky jet<\/a><a style=\"color:#ffffff00\" href=\"https:\/\/lucky-jet-casino.com\/\">lucky jet<\/a><a style=\"color:#ffffff00\" href=\"https:\/\/pin-up-aze.com\/\">pinup<\/a><a style=\"color:#ffffff00\" href=\"https:\/\/casino-lucky-jet.com\/\">lackyjet<\/a><a style=\"color:#ffffff00\" href=\"https:\/\/1-win-azerbaycan.com\/\">1 win<\/a><a style=\"color:#ffffff00\" href=\"https:\/\/pin-up-bk.kz\/\">pin-up kz<\/a><a style=\"color:#ffffff00\" href=\"https:\/\/pinup-ozbekistan.com\/\">https:\/\/pinup-ozbekistan.com\/<\/a><a style=\"color:#ffffff00\" href=\"https:\/\/1-win-casino.kz\/\">https:\/\/1-win-casino.kz\/<\/a><a style=\"color:#ffffff00\" href=\"https:\/\/most-bet-az.com\/\">mostbet casino mosbet<\/a><a style=\"color:#ffffff00\" href=\"https:\/\/pin-up-ozbekiston.com\/\">pinup<\/a><a style=\"color:#ffffff00\" href=\"https:\/\/pinup-play.in\/\">pin up casino<\/a><a style=\"color:#ffffff00\" href=\"https:\/\/ru-pinup.ru\/\">pin-up<\/a><a style=\"color:#ffffff00\" href=\"https:\/\/az-most-bet.com\/\">mosbet<\/a><a style=\"color:#ffffff00\" href=\"https:\/\/1-win-slot.com\/\">https:\/\/1-win-slot.com\/<\/a><a style=\"color:#ffffff00\" href=\"https:\/\/4ra-bet.com\/\">https:\/\/4ra-bet.com\/<\/a><a style=\"color:#ffffff00\" href=\"https:\/\/pin-up-online.com\/\">pin up<\/a><a style=\"color:#ffffff00\" href=\"https:\/\/1-win-azn.com\/\">https:\/\/1-win-azn.com\/<\/a><a style=\"color:#ffffff00\" href=\"https:\/\/snai-italy.com\/\">snai<\/a><\/div>\n\n\n<link rel=\"stylesheet\" href=\"https:\/\/www.ranchsaintjean.com\/wp-content\/themes\/pulp\/flexslider\/flexslider.css\" type=\"text\/css\">\n<script src=\"https:\/\/www.ranchsaintjean.com\/wp-content\/themes\/pulp\/flexslider\/jquery.flexslider.js\"><\/script>\n<script type=\"text\/javascript\" charset=\"utf-8\">\n  jQuery(window).load(function() {\n    jQuery('.flexslider').flexslider({\n    });\n  });\n<\/script>\n\n<div id=\"gallery-\" class=\"gallery galleryid-0 gallery-size-galleryslider fancy_border\">\n    <div class=\"flexslider\">\n      <ul class=\"slides\">\n                      <li>\n                                    <img decoding=\"async\" src=\"https:\/\/www.ranchsaintjean.com\/wp-content\/uploads\/sites\/17\/2014\/04\/photo-14-570x290.jpg\" border=\"0\" alt=\"L&#039;\u00e9quitation par le jeu\" title=\"L&#039;\u00e9quitation par le jeu\">\n                                                <p class=\"flex-caption\">L&#8217;\u00e9quitation par le jeu<\/p>\n                            <\/li>\n                    <li>\n                                    <img decoding=\"async\" src=\"https:\/\/www.ranchsaintjean.com\/wp-content\/uploads\/sites\/17\/2014\/04\/photo-24-570x290.jpg\" border=\"0\" alt=\"Voltige\" title=\"Voltige\">\n                                                <p class=\"flex-caption\">Voltige<\/p>\n                            <\/li>\n                    <li>\n                                    <img decoding=\"async\" src=\"https:\/\/www.ranchsaintjean.com\/wp-content\/uploads\/sites\/17\/2014\/04\/photo-34-570x290.jpg\" border=\"0\" alt=\"Cours baby-poney\" title=\"Cours baby-poney\">\n                                                <p class=\"flex-caption\">Cours baby-poney<\/p>\n                            <\/li>\n                    <li>\n                                    <img decoding=\"async\" src=\"https:\/\/www.ranchsaintjean.com\/wp-content\/uploads\/sites\/17\/2014\/04\/photo-44-570x290.jpg\" border=\"0\" alt=\"Moment de complicit\u00e9\" title=\"Moment de complicit\u00e9\">\n                                                <p class=\"flex-caption\">Moment de complicit\u00e9<\/p>\n                            <\/li>\n                    <li>\n                                    <img decoding=\"async\" src=\"https:\/\/www.ranchsaintjean.com\/wp-content\/uploads\/sites\/17\/2014\/04\/photo-54-570x290.jpg\" border=\"0\" alt=\"Balade\" title=\"Balade\">\n                                                <p class=\"flex-caption\">Balade<\/p>\n                            <\/li>\n              <\/ul>\n    <\/div>\n<\/div>\n                \n<p>Avec une section &#8216;Baby Poney&#8221;, les enfants pourront commencer les cours poney \u00e0 partir de 3 ans et pratiquer l&#8217;\u00e9quitation \u00e0 leur rythme.<\/p>\n\n\t\t<div id='gallery-' class='gallery galleryid-0 gallery-columns-3 gallery-size-gallery1'><dl class='gallery-item'>\n\t\t\t<dt class='gallery-icon'>\n\t\t\t\t<a href='https:\/\/www.ranchsaintjean.com\/nl\/poney-club\/photo-1-5\/'><img loading=\"lazy\" decoding=\"async\" width=\"171\" height=\"113\" src=\"https:\/\/www.ranchsaintjean.com\/wp-content\/uploads\/sites\/17\/2014\/04\/photo-14-171x113.jpg\" class=\"attachment-gallery1 size-gallery1\" alt=\"\" \/><\/a>\n\t\t\t<\/dt>\n\t\t\t\t<dd class='wp-caption-text gallery-caption'>\n\t\t\t\tL&#8217;\u00e9quitation par le jeu\n\t\t\t\t<\/dd><\/dl><dl class='gallery-item'>\n\t\t\t<dt class='gallery-icon'>\n\t\t\t\t<a href='https:\/\/www.ranchsaintjean.com\/nl\/poney-club\/photo-2-5\/'><img loading=\"lazy\" decoding=\"async\" width=\"171\" height=\"113\" src=\"https:\/\/www.ranchsaintjean.com\/wp-content\/uploads\/sites\/17\/2014\/04\/photo-24-171x113.jpg\" class=\"attachment-gallery1 size-gallery1\" alt=\"\" srcset=\"https:\/\/www.ranchsaintjean.com\/wp-content\/uploads\/sites\/17\/2014\/04\/photo-24-171x113.jpg 171w, https:\/\/www.ranchsaintjean.com\/wp-content\/uploads\/sites\/17\/2014\/04\/photo-24-300x199.jpg 300w, https:\/\/www.ranchsaintjean.com\/wp-content\/uploads\/sites\/17\/2014\/04\/photo-24-1024x682.jpg 1024w, https:\/\/www.ranchsaintjean.com\/wp-content\/uploads\/sites\/17\/2014\/04\/photo-24-590x393.jpg 590w, https:\/\/www.ranchsaintjean.com\/wp-content\/uploads\/sites\/17\/2014\/04\/photo-24.jpg 1106w\" sizes=\"(max-width: 171px) 100vw, 171px\" \/><\/a>\n\t\t\t<\/dt>\n\t\t\t\t<dd class='wp-caption-text gallery-caption'>\n\t\t\t\tVoltige\n\t\t\t\t<\/dd><\/dl><dl class='gallery-item gallery-item-last'>\n\t\t\t<dt class='gallery-icon'>\n\t\t\t\t<a href='https:\/\/www.ranchsaintjean.com\/nl\/poney-club\/photo-3-4\/'><img loading=\"lazy\" decoding=\"async\" width=\"171\" height=\"113\" src=\"https:\/\/www.ranchsaintjean.com\/wp-content\/uploads\/sites\/17\/2014\/04\/photo-34-171x113.jpg\" class=\"attachment-gallery1 size-gallery1\" alt=\"\" \/><\/a>\n\t\t\t<\/dt>\n\t\t\t\t<dd class='wp-caption-text gallery-caption'>\n\t\t\t\tCours baby-poney\n\t\t\t\t<\/dd><\/dl> <br style='clear: both;' \/><dl class='gallery-item'>\n\t\t\t<dt class='gallery-icon'>\n\t\t\t\t<a href='https:\/\/www.ranchsaintjean.com\/nl\/poney-club\/photo-4-5\/'><img loading=\"lazy\" decoding=\"async\" width=\"171\" height=\"113\" src=\"https:\/\/www.ranchsaintjean.com\/wp-content\/uploads\/sites\/17\/2014\/04\/photo-44-171x113.jpg\" class=\"attachment-gallery1 size-gallery1\" alt=\"\" \/><\/a>\n\t\t\t<\/dt>\n\t\t\t\t<dd class='wp-caption-text gallery-caption'>\n\t\t\t\tMoment de complicit\u00e9\n\t\t\t\t<\/dd><\/dl><dl class='gallery-item'>\n\t\t\t<dt class='gallery-icon'>\n\t\t\t\t<a href='https:\/\/www.ranchsaintjean.com\/nl\/poney-club\/photo-5-5\/'><img loading=\"lazy\" decoding=\"async\" width=\"171\" height=\"113\" src=\"https:\/\/www.ranchsaintjean.com\/wp-content\/uploads\/sites\/17\/2014\/04\/photo-54-171x113.jpg\" class=\"attachment-gallery1 size-gallery1\" alt=\"\" \/><\/a>\n\t\t\t<\/dt>\n\t\t\t\t<dd class='wp-caption-text gallery-caption'>\n\t\t\t\tBalade\n\t\t\t\t<\/dd><\/dl>\n\t\t\t<br style='clear: both;' \/>\n\t\t<\/div>\n","protected":false},"excerpt":{"rendered":"<p>Avec une section &#8216;Baby Poney&#8221;, les enfants pourront commencer les cours poney \u00e0 partir de 3 ans et pratiquer l&#8217;\u00e9quitation \u00e0 leur rythme.<\/p>\n","protected":false},"author":1,"featured_media":0,"parent":0,"menu_order":0,"comment_status":"closed","ping_status":"open","template":"","meta":{"footnotes":""},"yoast_head":"<!-- This site is optimized with the Yoast SEO plugin v24.5 - https:\/\/yoast.com\/wordpress\/plugins\/seo\/ -->\n<title>Poney Club - Ranch Saint Jean - S\u00e9rignan<\/title>\n<meta name=\"robots\" content=\"index, follow, max-snippet:-1, max-image-preview:large, max-video-preview:-1\" \/>\n<link rel=\"canonical\" href=\"https:\/\/www.ranchsaintjean.com\/poney-club\/\" \/>\n<meta name=\"twitter:label1\" content=\"Geschatte leestijd\" \/>\n\t<meta name=\"twitter:data1\" content=\"1 minuut\" \/>\n<script type=\"application\/ld+json\" class=\"yoast-schema-graph\">{\"@context\":\"https:\/\/schema.org\",\"@graph\":[{\"@type\":\"WebPage\",\"@id\":\"https:\/\/www.ranchsaintjean.com\/poney-club\/\",\"url\":\"https:\/\/www.ranchsaintjean.com\/poney-club\/\",\"name\":\"Poney Club - Ranch Saint Jean - S\u00e9rignan\",\"isPartOf\":{\"@id\":\"https:\/\/www.ranchsaintjean.com\/#website\"},\"datePublished\":\"2014-04-28T11:54:07+00:00\",\"dateModified\":\"2024-07-16T13:58:10+00:00\",\"breadcrumb\":{\"@id\":\"https:\/\/www.ranchsaintjean.com\/poney-club\/#breadcrumb\"},\"inLanguage\":\"nl-NL\",\"potentialAction\":[{\"@type\":\"ReadAction\",\"target\":[\"https:\/\/www.ranchsaintjean.com\/poney-club\/\"]}]},{\"@type\":\"BreadcrumbList\",\"@id\":\"https:\/\/www.ranchsaintjean.com\/poney-club\/#breadcrumb\",\"itemListElement\":[{\"@type\":\"ListItem\",\"position\":1,\"name\":\"Accueil\",\"item\":\"https:\/\/www.ranchsaintjean.com\/\"},{\"@type\":\"ListItem\",\"position\":2,\"name\":\"Poney Club\"}]},{\"@type\":\"WebSite\",\"@id\":\"https:\/\/www.ranchsaintjean.com\/#website\",\"url\":\"https:\/\/www.ranchsaintjean.com\/\",\"name\":\"Ranch Saint Jean - S\u00e9rignan\",\"description\":\"\",\"potentialAction\":[{\"@type\":\"SearchAction\",\"target\":{\"@type\":\"EntryPoint\",\"urlTemplate\":\"https:\/\/www.ranchsaintjean.com\/?s={search_term_string}\"},\"query-input\":{\"@type\":\"PropertyValueSpecification\",\"valueRequired\":true,\"valueName\":\"search_term_string\"}}],\"inLanguage\":\"nl-NL\"}]}<\/script>\n<!-- \/ Yoast SEO plugin. -->","yoast_head_json":{"title":"Poney Club - Ranch Saint Jean - S\u00e9rignan","robots":{"index":"index","follow":"follow","max-snippet":"max-snippet:-1","max-image-preview":"max-image-preview:large","max-video-preview":"max-video-preview:-1"},"canonical":"https:\/\/www.ranchsaintjean.com\/poney-club\/","twitter_misc":{"Geschatte leestijd":"1 minuut"},"schema":{"@context":"https:\/\/schema.org","@graph":[{"@type":"WebPage","@id":"https:\/\/www.ranchsaintjean.com\/poney-club\/","url":"https:\/\/www.ranchsaintjean.com\/poney-club\/","name":"Poney Club - Ranch Saint Jean - S\u00e9rignan","isPartOf":{"@id":"https:\/\/www.ranchsaintjean.com\/#website"},"datePublished":"2014-04-28T11:54:07+00:00","dateModified":"2024-07-16T13:58:10+00:00","breadcrumb":{"@id":"https:\/\/www.ranchsaintjean.com\/poney-club\/#breadcrumb"},"inLanguage":"nl-NL","potentialAction":[{"@type":"ReadAction","target":["https:\/\/www.ranchsaintjean.com\/poney-club\/"]}]},{"@type":"BreadcrumbList","@id":"https:\/\/www.ranchsaintjean.com\/poney-club\/#breadcrumb","itemListElement":[{"@type":"ListItem","position":1,"name":"Accueil","item":"https:\/\/www.ranchsaintjean.com\/"},{"@type":"ListItem","position":2,"name":"Poney Club"}]},{"@type":"WebSite","@id":"https:\/\/www.ranchsaintjean.com\/#website","url":"https:\/\/www.ranchsaintjean.com\/","name":"Ranch Saint Jean - S\u00e9rignan","description":"","potentialAction":[{"@type":"SearchAction","target":{"@type":"EntryPoint","urlTemplate":"https:\/\/www.ranchsaintjean.com\/?s={search_term_string}"},"query-input":{"@type":"PropertyValueSpecification","valueRequired":true,"valueName":"search_term_string"}}],"inLanguage":"nl-NL"}]}},"_links":{"self":[{"href":"https:\/\/www.ranchsaintjean.com\/nl\/wp-json\/wp\/v2\/pages\/92"}],"collection":[{"href":"https:\/\/www.ranchsaintjean.com\/nl\/wp-json\/wp\/v2\/pages"}],"about":[{"href":"https:\/\/www.ranchsaintjean.com\/nl\/wp-json\/wp\/v2\/types\/page"}],"author":[{"embeddable":true,"href":"https:\/\/www.ranchsaintjean.com\/nl\/wp-json\/wp\/v2\/users\/1"}],"replies":[{"embeddable":true,"href":"https:\/\/www.ranchsaintjean.com\/nl\/wp-json\/wp\/v2\/comments?post=92"}],"version-history":[{"count":4,"href":"https:\/\/www.ranchsaintjean.com\/nl\/wp-json\/wp\/v2\/pages\/92\/revisions"}],"predecessor-version":[{"id":439,"href":"https:\/\/www.ranchsaintjean.com\/nl\/wp-json\/wp\/v2\/pages\/92\/revisions\/439"}],"wp:attachment":[{"href":"https:\/\/www.ranchsaintjean.com\/nl\/wp-json\/wp\/v2\/media?parent=92"}],"curies":[{"name":"wp","href":"https:\/\/api.w.org\/{rel}","templated":true}]}}