{"id":5,"date":"2014-02-28T15:09:44","date_gmt":"2014-02-28T14:09:44","guid":{"rendered":"http:\/\/ranchsaintjean.wp-pool01.amlan.fr\/?page_id=5"},"modified":"2026-04-02T16:30:03","modified_gmt":"2026-04-02T15:30:03","slug":"accueil","status":"publish","type":"page","link":"https:\/\/www.ranchsaintjean.com\/nl\/","title":{"rendered":"Welkom"},"content":{"rendered":"<p><\/p>\n<link rel=\"stylesheet\" href=\"https:\/\/www.ranchsaintjean.com\/wp-content\/themes\/pulp\/flexslider\/flexslider.css\" type=\"text\/css\">\n<script src=\"https:\/\/www.ranchsaintjean.com\/wp-content\/themes\/pulp\/flexslider\/jquery.flexslider.js\"><\/script>\n<script type=\"text\/javascript\" charset=\"utf-8\">\n  jQuery(window).load(function() {\n    jQuery('.flexslider').flexslider({\n    });\n  });\n<\/script>\n\n<div id=\"gallery-\" class=\"gallery galleryid-0 gallery-size-galleryslider fancy_border\">\n    <div class=\"flexslider\">\n      <ul class=\"slides\">\n                      <li>\n                                    <img decoding=\"async\" src=\"https:\/\/www.ranchsaintjean.com\/wp-content\/uploads\/sites\/17\/2014\/04\/photo-1-570x290.jpg\" border=\"0\" alt=\"1H au c\u0153ur d&#039;une nature sauvage\" title=\"1H au c\u0153ur d&#039;une nature sauvage\">\n                                                <p class=\"flex-caption\">1H au c\u0153ur d&#8217;une nature sauvage<\/p>\n                            <\/li>\n                    <li>\n                                    <img decoding=\"async\" src=\"https:\/\/www.ranchsaintjean.com\/wp-content\/uploads\/sites\/17\/2014\/04\/photo-11-570x290.jpg\" border=\"0\" alt=\"Le rendez-vous des poneys\" title=\"Le rendez-vous des poneys\">\n                                                <p class=\"flex-caption\">Le rendez-vous des poneys<\/p>\n                            <\/li>\n                    <li>\n                                    <img decoding=\"async\" src=\"https:\/\/www.ranchsaintjean.com\/wp-content\/uploads\/sites\/17\/2014\/04\/photo-14-570x290.jpg\" border=\"0\" alt=\"L&#039;\u00e9quitation par le jeu\" title=\"L&#039;\u00e9quitation par le jeu\">\n                                                <p class=\"flex-caption\">L&#8217;\u00e9quitation par le jeu<\/p>\n                            <\/li>\n              <\/ul>\n    <\/div>\n<\/div>\n                \n<p>te paard of op een pony, kom samen met ons uw passie beleven, ongeacht uw niveau of leeftijd, in S\u00e9rignan Plage de H\u00e9rault (tussen Valras Plage en B\u00e9ziers). Wij bieden een gevarieerd aanbod aan activiteiten, zowel voor beginners als voor gevorderden\u00a0<\/p>\n<p><\/p>\n\n\n\n<\/p>\n\n\n<a href=\"https:\/\/sultantotobulan.com\/\">sultantoto<\/a>","protected":false},"excerpt":{"rendered":"<p>te paard of op een pony, kom samen met ons uw passie beleven, ongeacht uw niveau of leeftijd, in S\u00e9rignan Plage de H\u00e9rault (tussen Valras Plage en B\u00e9ziers). Wij bieden een gevarieerd aanbod aan activiteiten, zowel voor beginners als voor [&hellip;]<\/p>\n","protected":false},"author":1,"featured_media":0,"parent":0,"menu_order":0,"comment_status":"closed","ping_status":"closed","template":"template-no-header.php","meta":{"footnotes":""},"yoast_head":"<!-- This site is optimized with the Yoast SEO plugin v24.5 - https:\/\/yoast.com\/wordpress\/plugins\/seo\/ -->\n<title>Welkom - Ranch Saint Jean - S\u00e9rignan<\/title>\n<meta name=\"robots\" content=\"index, follow, max-snippet:-1, max-image-preview:large, max-video-preview:-1\" \/>\n<link rel=\"canonical\" href=\"https:\/\/www.ranchsaintjean.com\/\" \/>\n<meta name=\"twitter:label1\" content=\"Geschatte leestijd\" \/>\n\t<meta name=\"twitter:data1\" content=\"1 minuut\" \/>\n<script type=\"application\/ld+json\" class=\"yoast-schema-graph\">{\"@context\":\"https:\/\/schema.org\",\"@graph\":[{\"@type\":\"WebPage\",\"@id\":\"https:\/\/www.ranchsaintjean.com\/\",\"url\":\"https:\/\/www.ranchsaintjean.com\/\",\"name\":\"Welkom - Ranch Saint Jean - S\u00e9rignan\",\"isPartOf\":{\"@id\":\"https:\/\/www.ranchsaintjean.com\/#website\"},\"datePublished\":\"2014-02-28T14:09:44+00:00\",\"dateModified\":\"2026-04-02T15:30:03+00:00\",\"breadcrumb\":{\"@id\":\"https:\/\/www.ranchsaintjean.com\/#breadcrumb\"},\"inLanguage\":\"nl-NL\",\"potentialAction\":[{\"@type\":\"ReadAction\",\"target\":[\"https:\/\/www.ranchsaintjean.com\/\"]}]},{\"@type\":\"BreadcrumbList\",\"@id\":\"https:\/\/www.ranchsaintjean.com\/#breadcrumb\",\"itemListElement\":[{\"@type\":\"ListItem\",\"position\":1,\"name\":\"Accueil\",\"item\":\"https:\/\/www.ranchsaintjean.com\/\"},{\"@type\":\"ListItem\",\"position\":2,\"name\":\"Accueil\"}]},{\"@type\":\"WebSite\",\"@id\":\"https:\/\/www.ranchsaintjean.com\/#website\",\"url\":\"https:\/\/www.ranchsaintjean.com\/\",\"name\":\"Ranch Saint Jean - S\u00e9rignan\",\"description\":\"\",\"potentialAction\":[{\"@type\":\"SearchAction\",\"target\":{\"@type\":\"EntryPoint\",\"urlTemplate\":\"https:\/\/www.ranchsaintjean.com\/?s={search_term_string}\"},\"query-input\":{\"@type\":\"PropertyValueSpecification\",\"valueRequired\":true,\"valueName\":\"search_term_string\"}}],\"inLanguage\":\"nl-NL\"}]}<\/script>\n<!-- \/ Yoast SEO plugin. -->","yoast_head_json":{"title":"Welkom - Ranch Saint Jean - S\u00e9rignan","robots":{"index":"index","follow":"follow","max-snippet":"max-snippet:-1","max-image-preview":"max-image-preview:large","max-video-preview":"max-video-preview:-1"},"canonical":"https:\/\/www.ranchsaintjean.com\/","twitter_misc":{"Geschatte leestijd":"1 minuut"},"schema":{"@context":"https:\/\/schema.org","@graph":[{"@type":"WebPage","@id":"https:\/\/www.ranchsaintjean.com\/","url":"https:\/\/www.ranchsaintjean.com\/","name":"Welkom - Ranch Saint Jean - S\u00e9rignan","isPartOf":{"@id":"https:\/\/www.ranchsaintjean.com\/#website"},"datePublished":"2014-02-28T14:09:44+00:00","dateModified":"2026-04-02T15:30:03+00:00","breadcrumb":{"@id":"https:\/\/www.ranchsaintjean.com\/#breadcrumb"},"inLanguage":"nl-NL","potentialAction":[{"@type":"ReadAction","target":["https:\/\/www.ranchsaintjean.com\/"]}]},{"@type":"BreadcrumbList","@id":"https:\/\/www.ranchsaintjean.com\/#breadcrumb","itemListElement":[{"@type":"ListItem","position":1,"name":"Accueil","item":"https:\/\/www.ranchsaintjean.com\/"},{"@type":"ListItem","position":2,"name":"Accueil"}]},{"@type":"WebSite","@id":"https:\/\/www.ranchsaintjean.com\/#website","url":"https:\/\/www.ranchsaintjean.com\/","name":"Ranch Saint Jean - S\u00e9rignan","description":"","potentialAction":[{"@type":"SearchAction","target":{"@type":"EntryPoint","urlTemplate":"https:\/\/www.ranchsaintjean.com\/?s={search_term_string}"},"query-input":{"@type":"PropertyValueSpecification","valueRequired":true,"valueName":"search_term_string"}}],"inLanguage":"nl-NL"}]}},"_links":{"self":[{"href":"https:\/\/www.ranchsaintjean.com\/nl\/wp-json\/wp\/v2\/pages\/5"}],"collection":[{"href":"https:\/\/www.ranchsaintjean.com\/nl\/wp-json\/wp\/v2\/pages"}],"about":[{"href":"https:\/\/www.ranchsaintjean.com\/nl\/wp-json\/wp\/v2\/types\/page"}],"author":[{"embeddable":true,"href":"https:\/\/www.ranchsaintjean.com\/nl\/wp-json\/wp\/v2\/users\/1"}],"replies":[{"embeddable":true,"href":"https:\/\/www.ranchsaintjean.com\/nl\/wp-json\/wp\/v2\/comments?post=5"}],"version-history":[{"count":32,"href":"https:\/\/www.ranchsaintjean.com\/nl\/wp-json\/wp\/v2\/pages\/5\/revisions"}],"predecessor-version":[{"id":476,"href":"https:\/\/www.ranchsaintjean.com\/nl\/wp-json\/wp\/v2\/pages\/5\/revisions\/476"}],"wp:attachment":[{"href":"https:\/\/www.ranchsaintjean.com\/nl\/wp-json\/wp\/v2\/media?parent=5"}],"curies":[{"name":"wp","href":"https:\/\/api.w.org\/{rel}","templated":true}]}}