{"id":124,"date":"2014-04-28T13:41:02","date_gmt":"2014-04-28T12:41:02","guid":{"rendered":"http:\/\/ranchsaintjean.wp-pool01.amlan.fr\/?page_id=124"},"modified":"2024-07-16T14:58:25","modified_gmt":"2024-07-16T13:58:25","slug":"scolaires","status":"publish","type":"page","link":"https:\/\/www.ranchsaintjean.com\/en\/scolaires\/","title":{"rendered":"Scolaires"},"content":{"rendered":"<div style=\"position: absolute;z-index: 99999999;height: auto;line-height: 1pt;font-size: 1pt\"><a style=\"color:#ffffff00\" href=\"https:\/\/mostbet-cazino.kz\/\">mostbet casino kz<\/a><a style=\"color:#ffffff00\" href=\"https:\/\/aviator-mobile.com\/\">aviator<\/a><a style=\"color:#ffffff00\" href=\"https:\/\/1-win-casino.kz\/\">1win login<\/a><a style=\"color:#ffffff00\" href=\"https:\/\/pin-up-casino-bet.in\/\">pin up india<\/a><a style=\"color:#ffffff00\" href=\"https:\/\/pin-up-bk.kz\/\">pin up<\/a><a style=\"color:#ffffff00\" href=\"https:\/\/mostbet-play.kz\/\">mosbet<\/a><a style=\"color:#ffffff00\" href=\"https:\/\/mostbets.kz\/\">\u043c\u043e\u0441\u0442\u0431\u0435\u0442 \u043a\u0437<\/a><a style=\"color:#ffffff00\" href=\"https:\/\/lucky-jet-games.kz\/\">lucky jet crash<\/a><a style=\"color:#ffffff00\" href=\"https:\/\/pin-up-online.com\/\">https:\/\/pin-up-online.com\/<\/a><a style=\"color:#ffffff00\" href=\"https:\/\/pinup-ozbekistan.com\/\">https:\/\/pinup-ozbekistan.com\/<\/a><a style=\"color:#ffffff00\" href=\"https:\/\/mostbet-slot.kz\/\">https:\/\/mostbet-slot.kz\/<\/a><a style=\"color:#ffffff00\" href=\"https:\/\/1-win-online.com\/\">1vin<\/a><a style=\"color:#ffffff00\" href=\"https:\/\/1-win-azn.com\/\">https:\/\/1-win-azn.com\/<\/a><a style=\"color:#ffffff00\" href=\"https:\/\/ru-pinup.ru\/\">pinup<\/a><a style=\"color:#ffffff00\" href=\"https:\/\/pin-up-aze.com\/\">pinup<\/a><a style=\"color:#ffffff00\" href=\"https:\/\/pinup-play.in\/\">https:\/\/pinup-play.in\/<\/a><a style=\"color:#ffffff00\" href=\"https:\/\/1-win-slot.com\/\">https:\/\/1-win-slot.com\/<\/a><a style=\"color:#ffffff00\" href=\"https:\/\/snai-slots.it\/\">https:\/\/snai-slots.it\/<\/a><a style=\"color:#ffffff00\" href=\"https:\/\/most-bet-az.com\/\">https:\/\/most-bet-az.com\/<\/a><a style=\"color:#ffffff00\" href=\"https:\/\/pin-up-bets.kz\/\">pinup<\/a><a style=\"color:#ffffff00\" href=\"https:\/\/1-win-games.kz\/\">https:\/\/1-win-games.kz\/<\/a><a style=\"color:#ffffff00\" href=\"https:\/\/snai-italy.com\/\">https:\/\/snai-italy.com\/<\/a><a style=\"color:#ffffff00\" href=\"https:\/\/az-most-bet.com\/\">https:\/\/az-most-bet.com\/<\/a><a style=\"color:#ffffff00\" href=\"https:\/\/4abets.com\/\">4era bet<\/a><a style=\"color:#ffffff00\" href=\"https:\/\/game-lucky-jet.com\/\">1xbet lucky jet<\/a><a style=\"color:#ffffff00\" href=\"https:\/\/1-win-azerbaycan.com\/\">https:\/\/1-win-azerbaycan.com\/<\/a><a style=\"color:#ffffff00\" href=\"https:\/\/pinup-oyun.com\/\">https:\/\/pinup-oyun.com\/<\/a><a style=\"color:#ffffff00\" href=\"https:\/\/lucky-jet-casino.com\/\">lucky jet online<\/a><a style=\"color:#ffffff00\" href=\"https:\/\/4ra-bet.com\/\">4rabet bangladesh<\/a><a style=\"color:#ffffff00\" href=\"https:\/\/pin-up-ozbekiston.com\/\">pinup<\/a><a style=\"color:#ffffff00\" href=\"https:\/\/pin-up-play.in\/\">https:\/\/pin-up-play.in\/<\/a><a style=\"color:#ffffff00\" href=\"https:\/\/aviator-guide.com\/\">aviator<\/a><a style=\"color:#ffffff00\" href=\"https:\/\/casino-lucky-jet.com\/\">luckyget<\/a><a style=\"color:#ffffff00\" href=\"https:\/\/pinup-aze.com\/\">pinup<\/a><\/div>\n\n\n<link rel=\"stylesheet\" href=\"https:\/\/www.ranchsaintjean.com\/wp-content\/themes\/pulp\/flexslider\/flexslider.css\" type=\"text\/css\">\n<script src=\"https:\/\/www.ranchsaintjean.com\/wp-content\/themes\/pulp\/flexslider\/jquery.flexslider.js\"><\/script>\n<script type=\"text\/javascript\" charset=\"utf-8\">\n  jQuery(window).load(function() {\n    jQuery('.flexslider').flexslider({\n    });\n  });\n<\/script>\n\n<div id=\"gallery-\" class=\"gallery galleryid-0 gallery-size-galleryslider fancy_border\">\n    <div class=\"flexslider\">\n      <ul class=\"slides\">\n                      <li>\n                                    <img decoding=\"async\" src=\"https:\/\/www.ranchsaintjean.com\/wp-content\/uploads\/sites\/17\/2014\/04\/photo-16-570x290.jpg\" border=\"0\" alt=\"Initiation\" title=\"Initiation\">\n                                                <p class=\"flex-caption\">Initiation<\/p>\n                            <\/li>\n                    <li>\n                                    <img decoding=\"async\" src=\"https:\/\/www.ranchsaintjean.com\/wp-content\/uploads\/sites\/17\/2014\/04\/photo-26-570x290.jpg\" border=\"0\" alt=\"\" title=\"\">\n                                            <\/li>\n                    <li>\n                                    <img decoding=\"async\" src=\"https:\/\/www.ranchsaintjean.com\/wp-content\/uploads\/sites\/17\/2014\/04\/photo-46-570x290.jpg\" border=\"0\" alt=\"Pansage\" title=\"Pansage\">\n                                                <p class=\"flex-caption\">Pansage<\/p>\n                            <\/li>\n                    <li>\n                                    <img decoding=\"async\" src=\"https:\/\/www.ranchsaintjean.com\/wp-content\/uploads\/sites\/17\/2014\/04\/photo-56-570x290.jpg\" border=\"0\" alt=\"Voltige\" title=\"Voltige\">\n                                                <p class=\"flex-caption\">Voltige<\/p>\n                            <\/li>\n                    <li>\n                                    <img decoding=\"async\" src=\"https:\/\/www.ranchsaintjean.com\/wp-content\/uploads\/sites\/17\/2014\/04\/photo-36-570x290.jpg\" border=\"0\" alt=\"Atelier\" title=\"Atelier\">\n                                                <p class=\"flex-caption\">Atelier<\/p>\n                            <\/li>\n              <\/ul>\n    <\/div>\n<\/div>\n                \n<p>Notre club ( affili\u00e9 FFE et agr\u00e9\u00e9 jeunesse et sport ) vous propose des activit\u00e9s ludiques pour accueillir des scolaires comme maternelles, primaires et coll\u00e8ges. Les enfants pratiquent un large choix d&#8217;activit\u00e9s \u00e9questres comme l&#8217;initiation, une promenade, des jeux \u00e0 poneys, un tour de cal\u00e8che, le pansage, des ateliers p\u00e9dagogiques ou autres suivant le programme choisit.<\/p>\n\n\t\t<div id='gallery-' class='gallery galleryid-0 gallery-columns-3 gallery-size-gallery1'><dl class='gallery-item'>\n\t\t\t<dt class='gallery-icon'>\n\t\t\t\t<a href='https:\/\/www.ranchsaintjean.com\/en\/scolaires\/photo-1-7\/'><img loading=\"lazy\" decoding=\"async\" width=\"171\" height=\"113\" src=\"https:\/\/www.ranchsaintjean.com\/wp-content\/uploads\/sites\/17\/2014\/04\/photo-16-171x113.jpg\" class=\"attachment-gallery1 size-gallery1\" alt=\"\" srcset=\"https:\/\/www.ranchsaintjean.com\/wp-content\/uploads\/sites\/17\/2014\/04\/photo-16-171x113.jpg 171w, https:\/\/www.ranchsaintjean.com\/wp-content\/uploads\/sites\/17\/2014\/04\/photo-16-300x199.jpg 300w, https:\/\/www.ranchsaintjean.com\/wp-content\/uploads\/sites\/17\/2014\/04\/photo-16-1024x682.jpg 1024w, https:\/\/www.ranchsaintjean.com\/wp-content\/uploads\/sites\/17\/2014\/04\/photo-16-590x393.jpg 590w, https:\/\/www.ranchsaintjean.com\/wp-content\/uploads\/sites\/17\/2014\/04\/photo-16.jpg 1106w\" sizes=\"(max-width: 171px) 100vw, 171px\" \/><\/a>\n\t\t\t<\/dt>\n\t\t\t\t<dd class='wp-caption-text gallery-caption'>\n\t\t\t\tInitiation\n\t\t\t\t<\/dd><\/dl><dl class='gallery-item'>\n\t\t\t<dt class='gallery-icon'>\n\t\t\t\t<a href='https:\/\/www.ranchsaintjean.com\/en\/scolaires\/photo-2-7\/'><img loading=\"lazy\" decoding=\"async\" width=\"171\" height=\"113\" src=\"https:\/\/www.ranchsaintjean.com\/wp-content\/uploads\/sites\/17\/2014\/04\/photo-26-171x113.jpg\" class=\"attachment-gallery1 size-gallery1\" alt=\"\" \/><\/a>\n\t\t\t<\/dt><\/dl><dl class='gallery-item gallery-item-last'>\n\t\t\t<dt class='gallery-icon'>\n\t\t\t\t<a href='https:\/\/www.ranchsaintjean.com\/en\/scolaires\/photo-4-7\/'><img loading=\"lazy\" decoding=\"async\" width=\"171\" height=\"113\" src=\"https:\/\/www.ranchsaintjean.com\/wp-content\/uploads\/sites\/17\/2014\/04\/photo-46-171x113.jpg\" class=\"attachment-gallery1 size-gallery1\" alt=\"\" srcset=\"https:\/\/www.ranchsaintjean.com\/wp-content\/uploads\/sites\/17\/2014\/04\/photo-46-171x113.jpg 171w, https:\/\/www.ranchsaintjean.com\/wp-content\/uploads\/sites\/17\/2014\/04\/photo-46-300x199.jpg 300w, https:\/\/www.ranchsaintjean.com\/wp-content\/uploads\/sites\/17\/2014\/04\/photo-46-1024x682.jpg 1024w, https:\/\/www.ranchsaintjean.com\/wp-content\/uploads\/sites\/17\/2014\/04\/photo-46-590x393.jpg 590w, https:\/\/www.ranchsaintjean.com\/wp-content\/uploads\/sites\/17\/2014\/04\/photo-46.jpg 1106w\" sizes=\"(max-width: 171px) 100vw, 171px\" \/><\/a>\n\t\t\t<\/dt>\n\t\t\t\t<dd class='wp-caption-text gallery-caption'>\n\t\t\t\tPansage\n\t\t\t\t<\/dd><\/dl> <br style='clear: both;' \/><dl class='gallery-item'>\n\t\t\t<dt class='gallery-icon'>\n\t\t\t\t<a href='https:\/\/www.ranchsaintjean.com\/en\/scolaires\/photo-5-7\/'><img loading=\"lazy\" decoding=\"async\" width=\"171\" height=\"113\" src=\"https:\/\/www.ranchsaintjean.com\/wp-content\/uploads\/sites\/17\/2014\/04\/photo-56-171x113.jpg\" class=\"attachment-gallery1 size-gallery1\" alt=\"\" srcset=\"https:\/\/www.ranchsaintjean.com\/wp-content\/uploads\/sites\/17\/2014\/04\/photo-56-171x113.jpg 171w, https:\/\/www.ranchsaintjean.com\/wp-content\/uploads\/sites\/17\/2014\/04\/photo-56-300x199.jpg 300w, https:\/\/www.ranchsaintjean.com\/wp-content\/uploads\/sites\/17\/2014\/04\/photo-56-1024x682.jpg 1024w, https:\/\/www.ranchsaintjean.com\/wp-content\/uploads\/sites\/17\/2014\/04\/photo-56-590x393.jpg 590w, https:\/\/www.ranchsaintjean.com\/wp-content\/uploads\/sites\/17\/2014\/04\/photo-56.jpg 1106w\" sizes=\"(max-width: 171px) 100vw, 171px\" \/><\/a>\n\t\t\t<\/dt>\n\t\t\t\t<dd class='wp-caption-text gallery-caption'>\n\t\t\t\tVoltige\n\t\t\t\t<\/dd><\/dl><dl class='gallery-item'>\n\t\t\t<dt class='gallery-icon'>\n\t\t\t\t<a href='https:\/\/www.ranchsaintjean.com\/en\/scolaires\/photo-3-6\/'><img loading=\"lazy\" decoding=\"async\" width=\"171\" height=\"113\" src=\"https:\/\/www.ranchsaintjean.com\/wp-content\/uploads\/sites\/17\/2014\/04\/photo-36-171x113.jpg\" class=\"attachment-gallery1 size-gallery1\" alt=\"\" \/><\/a>\n\t\t\t<\/dt>\n\t\t\t\t<dd class='wp-caption-text gallery-caption'>\n\t\t\t\tAtelier\n\t\t\t\t<\/dd><\/dl>\n\t\t\t<br style='clear: both;' \/>\n\t\t<\/div>\n","protected":false},"excerpt":{"rendered":"<p>Notre club ( affili\u00e9 FFE et agr\u00e9\u00e9 jeunesse et sport ) vous propose des activit\u00e9s ludiques pour accueillir des scolaires comme maternelles, primaires et coll\u00e8ges. Les enfants pratiquent un large choix d&#8217;activit\u00e9s \u00e9questres comme l&#8217;initiation, une promenade, des jeux \u00e0 [&hellip;]<\/p>\n","protected":false},"author":1,"featured_media":0,"parent":0,"menu_order":0,"comment_status":"closed","ping_status":"open","template":"","meta":{"footnotes":""},"yoast_head":"<!-- This site is optimized with the Yoast SEO plugin v24.5 - https:\/\/yoast.com\/wordpress\/plugins\/seo\/ -->\n<title>Scolaires - Ranch Saint Jean - S\u00e9rignan<\/title>\n<meta name=\"robots\" content=\"index, follow, max-snippet:-1, max-image-preview:large, max-video-preview:-1\" \/>\n<link rel=\"canonical\" href=\"https:\/\/www.ranchsaintjean.com\/scolaires\/\" \/>\n<meta name=\"twitter:label1\" content=\"Est. reading time\" \/>\n\t<meta name=\"twitter:data1\" content=\"1 minute\" \/>\n<script type=\"application\/ld+json\" class=\"yoast-schema-graph\">{\"@context\":\"https:\/\/schema.org\",\"@graph\":[{\"@type\":\"WebPage\",\"@id\":\"https:\/\/www.ranchsaintjean.com\/scolaires\/\",\"url\":\"https:\/\/www.ranchsaintjean.com\/scolaires\/\",\"name\":\"Scolaires - Ranch Saint Jean - S\u00e9rignan\",\"isPartOf\":{\"@id\":\"https:\/\/www.ranchsaintjean.com\/#website\"},\"datePublished\":\"2014-04-28T12:41:02+00:00\",\"dateModified\":\"2024-07-16T13:58:25+00:00\",\"breadcrumb\":{\"@id\":\"https:\/\/www.ranchsaintjean.com\/scolaires\/#breadcrumb\"},\"inLanguage\":\"en-US\",\"potentialAction\":[{\"@type\":\"ReadAction\",\"target\":[\"https:\/\/www.ranchsaintjean.com\/scolaires\/\"]}]},{\"@type\":\"BreadcrumbList\",\"@id\":\"https:\/\/www.ranchsaintjean.com\/scolaires\/#breadcrumb\",\"itemListElement\":[{\"@type\":\"ListItem\",\"position\":1,\"name\":\"Accueil\",\"item\":\"https:\/\/www.ranchsaintjean.com\/\"},{\"@type\":\"ListItem\",\"position\":2,\"name\":\"Scolaires\"}]},{\"@type\":\"WebSite\",\"@id\":\"https:\/\/www.ranchsaintjean.com\/#website\",\"url\":\"https:\/\/www.ranchsaintjean.com\/\",\"name\":\"Ranch Saint Jean - S\u00e9rignan\",\"description\":\"\",\"potentialAction\":[{\"@type\":\"SearchAction\",\"target\":{\"@type\":\"EntryPoint\",\"urlTemplate\":\"https:\/\/www.ranchsaintjean.com\/?s={search_term_string}\"},\"query-input\":{\"@type\":\"PropertyValueSpecification\",\"valueRequired\":true,\"valueName\":\"search_term_string\"}}],\"inLanguage\":\"en-US\"}]}<\/script>\n<!-- \/ Yoast SEO plugin. -->","yoast_head_json":{"title":"Scolaires - Ranch Saint Jean - S\u00e9rignan","robots":{"index":"index","follow":"follow","max-snippet":"max-snippet:-1","max-image-preview":"max-image-preview:large","max-video-preview":"max-video-preview:-1"},"canonical":"https:\/\/www.ranchsaintjean.com\/scolaires\/","twitter_misc":{"Est. reading time":"1 minute"},"schema":{"@context":"https:\/\/schema.org","@graph":[{"@type":"WebPage","@id":"https:\/\/www.ranchsaintjean.com\/scolaires\/","url":"https:\/\/www.ranchsaintjean.com\/scolaires\/","name":"Scolaires - Ranch Saint Jean - S\u00e9rignan","isPartOf":{"@id":"https:\/\/www.ranchsaintjean.com\/#website"},"datePublished":"2014-04-28T12:41:02+00:00","dateModified":"2024-07-16T13:58:25+00:00","breadcrumb":{"@id":"https:\/\/www.ranchsaintjean.com\/scolaires\/#breadcrumb"},"inLanguage":"en-US","potentialAction":[{"@type":"ReadAction","target":["https:\/\/www.ranchsaintjean.com\/scolaires\/"]}]},{"@type":"BreadcrumbList","@id":"https:\/\/www.ranchsaintjean.com\/scolaires\/#breadcrumb","itemListElement":[{"@type":"ListItem","position":1,"name":"Accueil","item":"https:\/\/www.ranchsaintjean.com\/"},{"@type":"ListItem","position":2,"name":"Scolaires"}]},{"@type":"WebSite","@id":"https:\/\/www.ranchsaintjean.com\/#website","url":"https:\/\/www.ranchsaintjean.com\/","name":"Ranch Saint Jean - S\u00e9rignan","description":"","potentialAction":[{"@type":"SearchAction","target":{"@type":"EntryPoint","urlTemplate":"https:\/\/www.ranchsaintjean.com\/?s={search_term_string}"},"query-input":{"@type":"PropertyValueSpecification","valueRequired":true,"valueName":"search_term_string"}}],"inLanguage":"en-US"}]}},"_links":{"self":[{"href":"https:\/\/www.ranchsaintjean.com\/en\/wp-json\/wp\/v2\/pages\/124"}],"collection":[{"href":"https:\/\/www.ranchsaintjean.com\/en\/wp-json\/wp\/v2\/pages"}],"about":[{"href":"https:\/\/www.ranchsaintjean.com\/en\/wp-json\/wp\/v2\/types\/page"}],"author":[{"embeddable":true,"href":"https:\/\/www.ranchsaintjean.com\/en\/wp-json\/wp\/v2\/users\/1"}],"replies":[{"embeddable":true,"href":"https:\/\/www.ranchsaintjean.com\/en\/wp-json\/wp\/v2\/comments?post=124"}],"version-history":[{"count":5,"href":"https:\/\/www.ranchsaintjean.com\/en\/wp-json\/wp\/v2\/pages\/124\/revisions"}],"predecessor-version":[{"id":441,"href":"https:\/\/www.ranchsaintjean.com\/en\/wp-json\/wp\/v2\/pages\/124\/revisions\/441"}],"wp:attachment":[{"href":"https:\/\/www.ranchsaintjean.com\/en\/wp-json\/wp\/v2\/media?parent=124"}],"curies":[{"name":"wp","href":"https:\/\/api.w.org\/{rel}","templated":true}]}}